{"id":333,"date":"2022-09-20T09:55:13","date_gmt":"2022-09-20T07:55:13","guid":{"rendered":"https:\/\/sofimediat.fr\/newhotel\/video-new-hotel-paris\/"},"modified":"2022-09-29T17:41:19","modified_gmt":"2022-09-29T15:41:19","slug":"video-hotel-richmond-paris","status":"publish","type":"page","link":"https:\/\/www.hotelparisrichmond.com\/en\/video-hotel-richmond-paris\/","title":{"rendered":"vid\u00e9o"},"content":{"rendered":"\n\t<section class=\"section\" id=\"section_119416132\">\n\t\t<div class=\"bg section-bg fill bg-fill  bg-loaded\" >\n\n\t\t\t\n\t\t\t\n\t\t\t\n\n\t\t<\/div>\n\n\t\t\n\n\t\t<div class=\"section-content relative\">\n\t\t\t\n\n<div class=\"row row-collapse row-full-width align-middle\"  id=\"row-1962415587\">\n\n\n\t<div id=\"col-950756390\" class=\"col medium-12 small-12 large-12\"  data-animate=\"fadeInLeft\">\n\t\t\t\t<div class=\"col-inner\"  >\n\t\t\t\n\t\t\t\n\n\n  <div class=\"banner has-hover has-video\" id=\"banner-246823429\">\n          <div class=\"banner-inner fill\">\n        <div class=\"banner-bg fill\" >\n            <div class=\"bg fill bg-fill \"><\/div>\n            \t<div class=\"video-overlay no-click fill visible\"><\/div>\n\t<video class=\"video-bg fill visible\" preload playsinline autoplay\n\t\tmuted\t\tloop>\n\t\t<source src=\"https:\/\/www.hotelrichmondparis.com\/video\/hotel-richmond-paris.mp4\" type=\"video\/mp4\">\t<\/video>\n                        \n                    <\/div>\n\t\t\n        <div class=\"banner-layers container\">\n            <div class=\"fill banner-link\"><\/div>            \n\n\n        <\/div>\n      <\/div>\n\n            \n<style>\n#banner-246823429 {\n  padding-top: 56.25%;\n}\n#banner-246823429 .ux-shape-divider--top svg {\n  height: 150px;\n  --divider-top-width: 100%;\n}\n#banner-246823429 .ux-shape-divider--bottom svg {\n  height: 150px;\n  --divider-width: 100%;\n}\n<\/style>\n  <\/div>\n\n\n\n\t\t<\/div>\n\t\t\t\t\n<style>\n#col-950756390 > .col-inner {\n  padding: 0px 5px 0px 5px;\n  margin: 75px 0px 0px 0px;\n}\n<\/style>\n\t<\/div>\n\n\t\n\n<\/div>\n\n\t\t<\/div>\n\n\t\t\n<style>\n#section_119416132 {\n  padding-top: 0px;\n  padding-bottom: 0px;\n  background-color: rgb(255,255,255);\n}\n#section_119416132 .ux-shape-divider--top svg {\n  height: 150px;\n  --divider-top-width: 100%;\n}\n#section_119416132 .ux-shape-divider--bottom svg {\n  height: 150px;\n  --divider-width: 100%;\n}\n<\/style>\n\t<\/section>\n\t\n","protected":false},"excerpt":{"rendered":"","protected":false},"author":1,"featured_media":0,"parent":0,"menu_order":0,"comment_status":"closed","ping_status":"closed","template":"page-transparent-header.php","meta":{"footnotes":""},"class_list":["post-333","page","type-page","status-publish","hentry"],"yoast_head":"<!-- This site is optimized with the Yoast SEO plugin v22.7 - https:\/\/yoast.com\/wordpress\/plugins\/seo\/ -->\n<title>Video of the Hotel Richmond Paris | Hotel Gare du Nord Paris<\/title>\n<meta name=\"description\" content=\"Welcome to the site of the Hotel Richmond Paris, just opposite the Gare du Nord, with easy access to means of transport.\" \/>\n<meta name=\"robots\" content=\"index, follow, max-snippet:-1, max-image-preview:large, max-video-preview:-1\" \/>\n<link rel=\"canonical\" href=\"https:\/\/www.hotelparisrichmond.com\/en\/video-hotel-richmond-paris\/\" \/>\n<meta property=\"og:locale\" content=\"en_US\" \/>\n<meta property=\"og:type\" content=\"article\" \/>\n<meta property=\"og:title\" content=\"Video of the Hotel Richmond Paris | Hotel Gare du Nord Paris\" \/>\n<meta property=\"og:description\" content=\"Welcome to the site of the Hotel Richmond Paris, just opposite the Gare du Nord, with easy access to means of transport.\" \/>\n<meta property=\"og:url\" content=\"https:\/\/www.hotelparisrichmond.com\/en\/video-hotel-richmond-paris\/\" \/>\n<meta property=\"og:site_name\" content=\"H\u00f4tel Richmond Paris\" \/>\n<meta property=\"article:modified_time\" content=\"2022-09-29T15:41:19+00:00\" \/>\n<meta name=\"twitter:card\" content=\"summary_large_image\" \/>\n<meta name=\"twitter:label1\" content=\"Est. reading time\" \/>\n\t<meta name=\"twitter:data1\" content=\"1 minute\" \/>\n<script type=\"application\/ld+json\" class=\"yoast-schema-graph\">{\"@context\":\"https:\/\/schema.org\",\"@graph\":[{\"@type\":\"WebPage\",\"@id\":\"https:\/\/www.hotelparisrichmond.com\/en\/video-hotel-richmond-paris\/\",\"url\":\"https:\/\/www.hotelparisrichmond.com\/en\/video-hotel-richmond-paris\/\",\"name\":\"Video of the Hotel Richmond Paris | Hotel Gare du Nord Paris\",\"isPartOf\":{\"@id\":\"https:\/\/www.hotelparisrichmond.com\/#website\"},\"datePublished\":\"2022-09-20T07:55:13+00:00\",\"dateModified\":\"2022-09-29T15:41:19+00:00\",\"description\":\"Welcome to the site of the Hotel Richmond Paris, just opposite the Gare du Nord, with easy access to means of transport.\",\"breadcrumb\":{\"@id\":\"https:\/\/www.hotelparisrichmond.com\/en\/video-hotel-richmond-paris\/#breadcrumb\"},\"inLanguage\":\"en-US\",\"potentialAction\":[{\"@type\":\"ReadAction\",\"target\":[\"https:\/\/www.hotelparisrichmond.com\/en\/video-hotel-richmond-paris\/\"]}]},{\"@type\":\"BreadcrumbList\",\"@id\":\"https:\/\/www.hotelparisrichmond.com\/en\/video-hotel-richmond-paris\/#breadcrumb\",\"itemListElement\":[{\"@type\":\"ListItem\",\"position\":1,\"name\":\"Accueil\",\"item\":\"https:\/\/www.hotelparisrichmond.com\/en\/\"},{\"@type\":\"ListItem\",\"position\":2,\"name\":\"vid\u00e9o\"}]},{\"@type\":\"WebSite\",\"@id\":\"https:\/\/www.hotelparisrichmond.com\/#website\",\"url\":\"https:\/\/www.hotelparisrichmond.com\/\",\"name\":\"H\u00f4tel Richmond Paris\",\"description\":\"H\u00f4tel id\u00e9alement situ\u00e9 en face de la Gare du Nord et du Terminal Eurostar \u00e0 Paris.\",\"potentialAction\":[{\"@type\":\"SearchAction\",\"target\":{\"@type\":\"EntryPoint\",\"urlTemplate\":\"https:\/\/www.hotelparisrichmond.com\/?s={search_term_string}\"},\"query-input\":\"required name=search_term_string\"}],\"inLanguage\":\"en-US\"}]}<\/script>\n<!-- \/ Yoast SEO plugin. -->","yoast_head_json":{"title":"Video of the Hotel Richmond Paris | Hotel Gare du Nord Paris","description":"Welcome to the site of the Hotel Richmond Paris, just opposite the Gare du Nord, with easy access to means of transport.","robots":{"index":"index","follow":"follow","max-snippet":"max-snippet:-1","max-image-preview":"max-image-preview:large","max-video-preview":"max-video-preview:-1"},"canonical":"https:\/\/www.hotelparisrichmond.com\/en\/video-hotel-richmond-paris\/","og_locale":"en_US","og_type":"article","og_title":"Video of the Hotel Richmond Paris | Hotel Gare du Nord Paris","og_description":"Welcome to the site of the Hotel Richmond Paris, just opposite the Gare du Nord, with easy access to means of transport.","og_url":"https:\/\/www.hotelparisrichmond.com\/en\/video-hotel-richmond-paris\/","og_site_name":"H\u00f4tel Richmond Paris","article_modified_time":"2022-09-29T15:41:19+00:00","twitter_card":"summary_large_image","twitter_misc":{"Est. reading time":"1 minute"},"schema":{"@context":"https:\/\/schema.org","@graph":[{"@type":"WebPage","@id":"https:\/\/www.hotelparisrichmond.com\/en\/video-hotel-richmond-paris\/","url":"https:\/\/www.hotelparisrichmond.com\/en\/video-hotel-richmond-paris\/","name":"Video of the Hotel Richmond Paris | Hotel Gare du Nord Paris","isPartOf":{"@id":"https:\/\/www.hotelparisrichmond.com\/#website"},"datePublished":"2022-09-20T07:55:13+00:00","dateModified":"2022-09-29T15:41:19+00:00","description":"Welcome to the site of the Hotel Richmond Paris, just opposite the Gare du Nord, with easy access to means of transport.","breadcrumb":{"@id":"https:\/\/www.hotelparisrichmond.com\/en\/video-hotel-richmond-paris\/#breadcrumb"},"inLanguage":"en-US","potentialAction":[{"@type":"ReadAction","target":["https:\/\/www.hotelparisrichmond.com\/en\/video-hotel-richmond-paris\/"]}]},{"@type":"BreadcrumbList","@id":"https:\/\/www.hotelparisrichmond.com\/en\/video-hotel-richmond-paris\/#breadcrumb","itemListElement":[{"@type":"ListItem","position":1,"name":"Accueil","item":"https:\/\/www.hotelparisrichmond.com\/en\/"},{"@type":"ListItem","position":2,"name":"vid\u00e9o"}]},{"@type":"WebSite","@id":"https:\/\/www.hotelparisrichmond.com\/#website","url":"https:\/\/www.hotelparisrichmond.com\/","name":"H\u00f4tel Richmond Paris","description":"H\u00f4tel id\u00e9alement situ\u00e9 en face de la Gare du Nord et du Terminal Eurostar \u00e0 Paris.","potentialAction":[{"@type":"SearchAction","target":{"@type":"EntryPoint","urlTemplate":"https:\/\/www.hotelparisrichmond.com\/?s={search_term_string}"},"query-input":"required name=search_term_string"}],"inLanguage":"en-US"}]}},"_links":{"self":[{"href":"https:\/\/www.hotelparisrichmond.com\/en\/wp-json\/wp\/v2\/pages\/333","targetHints":{"allow":["GET"]}}],"collection":[{"href":"https:\/\/www.hotelparisrichmond.com\/en\/wp-json\/wp\/v2\/pages"}],"about":[{"href":"https:\/\/www.hotelparisrichmond.com\/en\/wp-json\/wp\/v2\/types\/page"}],"author":[{"embeddable":true,"href":"https:\/\/www.hotelparisrichmond.com\/en\/wp-json\/wp\/v2\/users\/1"}],"replies":[{"embeddable":true,"href":"https:\/\/www.hotelparisrichmond.com\/en\/wp-json\/wp\/v2\/comments?post=333"}],"version-history":[{"count":2,"href":"https:\/\/www.hotelparisrichmond.com\/en\/wp-json\/wp\/v2\/pages\/333\/revisions"}],"predecessor-version":[{"id":613,"href":"https:\/\/www.hotelparisrichmond.com\/en\/wp-json\/wp\/v2\/pages\/333\/revisions\/613"}],"wp:attachment":[{"href":"https:\/\/www.hotelparisrichmond.com\/en\/wp-json\/wp\/v2\/media?parent=333"}],"curies":[{"name":"wp","href":"https:\/\/api.w.org\/{rel}","templated":true}]}}