{"id":332,"date":"2022-09-20T09:35:10","date_gmt":"2022-09-20T07:35:10","guid":{"rendered":"https:\/\/sofimediat.fr\/newhotel\/situation\/"},"modified":"2022-09-29T18:51:34","modified_gmt":"2022-09-29T16:51:34","slug":"location","status":"publish","type":"page","link":"https:\/\/www.hotelparisrichmond.com\/en\/location\/","title":{"rendered":"Situation"},"content":{"rendered":"\n\n\n<p style=\"padding-top:70px; margin-bottom:0px\"><iframe src=\"https:\/\/www.google.com\/maps\/embed?pb=!1m18!1m12!1m3!1d8093.466028421192!2d2.349365473679499!3d48.87762192447846!2m3!1f0!2f0!3f0!3m2!1i1024!2i768!4f13.1!3m3!1m2!1s0x47e66e6d9643ce53%3A0x4bbadeecd028916b!2s15%20Rue%20de%20Dunkerque%2C%2075010%20Paris!5e0!3m2!1sfr!2sfr!4v1664456935547!5m2!1sfr!2sfr\" width=\"100%\" height=\"400\" style=\"border:0;\" allowfullscreen=\"\" loading=\"lazy\" referrerpolicy=\"no-referrer-when-downgrade\" ><\/iframe><\/p>\n\n\t<section class=\"section\" id=\"section_645963008\">\n\t\t<div class=\"bg section-bg fill bg-fill  bg-loaded\" >\n\n\t\t\t\n\t\t\t\n\t\t\t\n\n\t\t<\/div>\n\n\t\t\n\n\t\t<div class=\"section-content relative\">\n\t\t\t\n\n<div class=\"row\"  id=\"row-1956657759\">\n\n\n\t<div id=\"col-1949598911\" class=\"col small-12 large-12\"  data-animate=\"fadeInUp\">\n\t\t\t\t<div class=\"col-inner\"  >\n\t\t\t\n\t\t\t\n\n<h1 style=\"text-align: center;\">LOCATION OF HOTEL RICHMOND PARIS GARE DU NORD<\/h1>\n<p>Conveniently situated opposite the Gare du Nord and the Eurostar Terminal in Paris, and close to the Metro and RER trains, the Richmond H\u00f4tel offers quality accommodation for business visitors and tourists a top Paris location for exploring the French Capital. We are within easy reach of the Opera Garnier, Grands Boulevards, R\u00e9publique, the Gare de l\u2019Est, Montmartre and the Sacr\u00e9-Coeur. There are many bars, restaurants and brasseries on the hotel doorstep.<\/p>\n<h2 style=\"font-weight: lighter;\">METRO<\/h2>\n<p>Gare du Nord (lines 4, 5)<\/p>\n<h2 style=\"font-weight: lighter;\">RER<\/h2>\n<p class=\"editablelinks\">&#8220;Gare du Nord&#8221; station<\/p>\n<p class=\"editablelinks\">Villepinte Exhibition Centre, the Bourget and the Stade de France are just minutes away by direct RER trains<\/p>\n<h2 style=\"font-weight: lighter;\">BUS LINES<\/h2>\n<p>26 30 32 38 39 42 43 46 48 54 56 302 350<\/p>\n<h2 style=\"font-weight: lighter;\">TRAIN<\/h2>\n<p>Trains &amp; TGV at Gare du Nord<\/p>\n<h2 style=\"font-weight: lighter;\">TRAVELLING BY CAR<\/h2>\n<p>Arriving north of Paris, take the A1 motorway to Paris, exit at Porte de la Chapelle and follow the directions to Gare Du Nord.<\/p>\n<p class=\"editablelinks\">Arriving south of Paris, take the A6 motorway to Paris, take the exit Paris-Est &#8211; Porte d\u2019Italie, follow the Peripherique Exterieur up to Porte de la Chapelle, then follow the directions to Gare du Nord.<\/p>\n<h2 style=\"font-weight: lighter;\">AIRPORTS<\/h2>\n<p class=\"editablelinks\">Roissy CDG airport is just 35 minutes away by direct RER train or bus line 350.<\/p>\n<p class=\"editablelinks\">Orly direct access by RER train or Orlyval.<\/p>\n<p>\u00a0<\/p>\n\n\t\t<\/div>\n\t\t\t\t\n<style>\n#col-1949598911 > .col-inner {\n  margin: 30px 0px 0px 0px;\n}\n<\/style>\n\t<\/div>\n\n\t\n\n<\/div>\n\n\t\t<\/div>\n\n\t\t\n<style>\n#section_645963008 {\n  padding-top: 0px;\n  padding-bottom: 0px;\n}\n#section_645963008 .ux-shape-divider--top svg {\n  height: 150px;\n  --divider-top-width: 100%;\n}\n#section_645963008 .ux-shape-divider--bottom svg {\n  height: 150px;\n  --divider-width: 100%;\n}\n<\/style>\n\t<\/section>\n\t\n\n","protected":false},"excerpt":{"rendered":"","protected":false},"author":1,"featured_media":0,"parent":0,"menu_order":0,"comment_status":"closed","ping_status":"closed","template":"page-transparent-header.php","meta":{"footnotes":""},"class_list":["post-332","page","type-page","status-publish","hentry"],"yoast_head":"<!-- This site is optimized with the Yoast SEO plugin v22.7 - https:\/\/yoast.com\/wordpress\/plugins\/seo\/ -->\n<title>Location, map and access to the hotel Richmond Paris<\/title>\n<meta name=\"description\" content=\"Welcome to the site of the Hotel Richmond Paris, just opposite the Gare du Nord, with easy access to means of transport.\" \/>\n<meta name=\"robots\" content=\"index, follow, max-snippet:-1, max-image-preview:large, max-video-preview:-1\" \/>\n<link rel=\"canonical\" href=\"https:\/\/www.hotelparisrichmond.com\/en\/location\/\" \/>\n<meta property=\"og:locale\" content=\"en_US\" \/>\n<meta property=\"og:type\" content=\"article\" \/>\n<meta property=\"og:title\" content=\"Location, map and access to the hotel Richmond Paris\" \/>\n<meta property=\"og:description\" content=\"Welcome to the site of the Hotel Richmond Paris, just opposite the Gare du Nord, with easy access to means of transport.\" \/>\n<meta property=\"og:url\" content=\"https:\/\/www.hotelparisrichmond.com\/en\/location\/\" \/>\n<meta property=\"og:site_name\" content=\"H\u00f4tel Richmond Paris\" \/>\n<meta property=\"article:modified_time\" content=\"2022-09-29T16:51:34+00:00\" \/>\n<meta name=\"twitter:card\" content=\"summary_large_image\" \/>\n<meta name=\"twitter:label1\" content=\"Est. reading time\" \/>\n\t<meta name=\"twitter:data1\" content=\"2 minutes\" \/>\n<script type=\"application\/ld+json\" class=\"yoast-schema-graph\">{\"@context\":\"https:\/\/schema.org\",\"@graph\":[{\"@type\":\"WebPage\",\"@id\":\"https:\/\/www.hotelparisrichmond.com\/en\/location\/\",\"url\":\"https:\/\/www.hotelparisrichmond.com\/en\/location\/\",\"name\":\"Location, map and access to the hotel Richmond Paris\",\"isPartOf\":{\"@id\":\"https:\/\/www.hotelparisrichmond.com\/#website\"},\"datePublished\":\"2022-09-20T07:35:10+00:00\",\"dateModified\":\"2022-09-29T16:51:34+00:00\",\"description\":\"Welcome to the site of the Hotel Richmond Paris, just opposite the Gare du Nord, with easy access to means of transport.\",\"breadcrumb\":{\"@id\":\"https:\/\/www.hotelparisrichmond.com\/en\/location\/#breadcrumb\"},\"inLanguage\":\"en-US\",\"potentialAction\":[{\"@type\":\"ReadAction\",\"target\":[\"https:\/\/www.hotelparisrichmond.com\/en\/location\/\"]}]},{\"@type\":\"BreadcrumbList\",\"@id\":\"https:\/\/www.hotelparisrichmond.com\/en\/location\/#breadcrumb\",\"itemListElement\":[{\"@type\":\"ListItem\",\"position\":1,\"name\":\"Accueil\",\"item\":\"https:\/\/www.hotelparisrichmond.com\/en\/\"},{\"@type\":\"ListItem\",\"position\":2,\"name\":\"Situation\"}]},{\"@type\":\"WebSite\",\"@id\":\"https:\/\/www.hotelparisrichmond.com\/#website\",\"url\":\"https:\/\/www.hotelparisrichmond.com\/\",\"name\":\"H\u00f4tel Richmond Paris\",\"description\":\"H\u00f4tel id\u00e9alement situ\u00e9 en face de la Gare du Nord et du Terminal Eurostar \u00e0 Paris.\",\"potentialAction\":[{\"@type\":\"SearchAction\",\"target\":{\"@type\":\"EntryPoint\",\"urlTemplate\":\"https:\/\/www.hotelparisrichmond.com\/?s={search_term_string}\"},\"query-input\":\"required name=search_term_string\"}],\"inLanguage\":\"en-US\"}]}<\/script>\n<!-- \/ Yoast SEO plugin. -->","yoast_head_json":{"title":"Location, map and access to the hotel Richmond Paris","description":"Welcome to the site of the Hotel Richmond Paris, just opposite the Gare du Nord, with easy access to means of transport.","robots":{"index":"index","follow":"follow","max-snippet":"max-snippet:-1","max-image-preview":"max-image-preview:large","max-video-preview":"max-video-preview:-1"},"canonical":"https:\/\/www.hotelparisrichmond.com\/en\/location\/","og_locale":"en_US","og_type":"article","og_title":"Location, map and access to the hotel Richmond Paris","og_description":"Welcome to the site of the Hotel Richmond Paris, just opposite the Gare du Nord, with easy access to means of transport.","og_url":"https:\/\/www.hotelparisrichmond.com\/en\/location\/","og_site_name":"H\u00f4tel Richmond Paris","article_modified_time":"2022-09-29T16:51:34+00:00","twitter_card":"summary_large_image","twitter_misc":{"Est. reading time":"2 minutes"},"schema":{"@context":"https:\/\/schema.org","@graph":[{"@type":"WebPage","@id":"https:\/\/www.hotelparisrichmond.com\/en\/location\/","url":"https:\/\/www.hotelparisrichmond.com\/en\/location\/","name":"Location, map and access to the hotel Richmond Paris","isPartOf":{"@id":"https:\/\/www.hotelparisrichmond.com\/#website"},"datePublished":"2022-09-20T07:35:10+00:00","dateModified":"2022-09-29T16:51:34+00:00","description":"Welcome to the site of the Hotel Richmond Paris, just opposite the Gare du Nord, with easy access to means of transport.","breadcrumb":{"@id":"https:\/\/www.hotelparisrichmond.com\/en\/location\/#breadcrumb"},"inLanguage":"en-US","potentialAction":[{"@type":"ReadAction","target":["https:\/\/www.hotelparisrichmond.com\/en\/location\/"]}]},{"@type":"BreadcrumbList","@id":"https:\/\/www.hotelparisrichmond.com\/en\/location\/#breadcrumb","itemListElement":[{"@type":"ListItem","position":1,"name":"Accueil","item":"https:\/\/www.hotelparisrichmond.com\/en\/"},{"@type":"ListItem","position":2,"name":"Situation"}]},{"@type":"WebSite","@id":"https:\/\/www.hotelparisrichmond.com\/#website","url":"https:\/\/www.hotelparisrichmond.com\/","name":"H\u00f4tel Richmond Paris","description":"H\u00f4tel id\u00e9alement situ\u00e9 en face de la Gare du Nord et du Terminal Eurostar \u00e0 Paris.","potentialAction":[{"@type":"SearchAction","target":{"@type":"EntryPoint","urlTemplate":"https:\/\/www.hotelparisrichmond.com\/?s={search_term_string}"},"query-input":"required name=search_term_string"}],"inLanguage":"en-US"}]}},"_links":{"self":[{"href":"https:\/\/www.hotelparisrichmond.com\/en\/wp-json\/wp\/v2\/pages\/332","targetHints":{"allow":["GET"]}}],"collection":[{"href":"https:\/\/www.hotelparisrichmond.com\/en\/wp-json\/wp\/v2\/pages"}],"about":[{"href":"https:\/\/www.hotelparisrichmond.com\/en\/wp-json\/wp\/v2\/types\/page"}],"author":[{"embeddable":true,"href":"https:\/\/www.hotelparisrichmond.com\/en\/wp-json\/wp\/v2\/users\/1"}],"replies":[{"embeddable":true,"href":"https:\/\/www.hotelparisrichmond.com\/en\/wp-json\/wp\/v2\/comments?post=332"}],"version-history":[{"count":7,"href":"https:\/\/www.hotelparisrichmond.com\/en\/wp-json\/wp\/v2\/pages\/332\/revisions"}],"predecessor-version":[{"id":621,"href":"https:\/\/www.hotelparisrichmond.com\/en\/wp-json\/wp\/v2\/pages\/332\/revisions\/621"}],"wp:attachment":[{"href":"https:\/\/www.hotelparisrichmond.com\/en\/wp-json\/wp\/v2\/media?parent=332"}],"curies":[{"name":"wp","href":"https:\/\/api.w.org\/{rel}","templated":true}]}}