{"id":322,"date":"2022-09-20T09:20:24","date_gmt":"2022-09-20T07:20:24","guid":{"rendered":"https:\/\/sofimediat.fr\/newhotel\/chambre-quadruple\/"},"modified":"2025-08-04T12:07:54","modified_gmt":"2025-08-04T10:07:54","slug":"quadruple-room","status":"publish","type":"page","link":"https:\/\/www.hotelparisrichmond.com\/en\/quadruple-room\/","title":{"rendered":"Chambre quadruple"},"content":{"rendered":"\n\t<section class=\"section\" id=\"section_798525765\">\n\t\t<div class=\"bg section-bg fill bg-fill  bg-loaded\" >\n\n\t\t\t\n\t\t\t\n\t\t\t\n\n\t\t<\/div>\n\n\t\t\n\n\t\t<div class=\"section-content relative\">\n\t\t\t\n\n<div class=\"slider-wrapper relative\" id=\"slider-1460014759\" >\n    <div class=\"slider slider-type-fade slider-nav-circle slider-nav-large slider-nav-light slider-style-normal\"\n        data-flickity-options='{\n            \"cellAlign\": \"center\",\n            \"imagesLoaded\": true,\n            \"lazyLoad\": 1,\n            \"freeScroll\": false,\n            \"wrapAround\": true,\n            \"autoPlay\": 6000,\n            \"pauseAutoPlayOnHover\" : true,\n            \"prevNextButtons\": true,\n            \"contain\" : true,\n            \"adaptiveHeight\" : true,\n            \"dragThreshold\" : 10,\n            \"percentPosition\": true,\n            \"pageDots\": true,\n            \"rightToLeft\": false,\n            \"draggable\": true,\n            \"selectedAttraction\": 0.1,\n            \"parallax\" : 0,\n            \"friction\": 0.6        }'\n        >\n        \n\n\t<div class=\"img has-hover x md-x lg-x y md-y lg-y\" id=\"image_260852582\">\n\t\t\t\t\t\t\t\t<div class=\"img-inner image-cover dark\" style=\"padding-top:56.25%;\">\n\t\t\t<img decoding=\"async\" width=\"1333\" height=\"1920\" src=\"https:\/\/www.hotelparisrichmond.com\/wp-content\/uploads\/2025\/08\/chambre-32-ter.jpg\" class=\"attachment-original size-original\" alt=\"\" srcset=\"https:\/\/www.hotelparisrichmond.com\/wp-content\/uploads\/2025\/08\/chambre-32-ter.jpg 1333w, https:\/\/www.hotelparisrichmond.com\/wp-content\/uploads\/2025\/08\/chambre-32-ter-208x300.jpg 208w, https:\/\/www.hotelparisrichmond.com\/wp-content\/uploads\/2025\/08\/chambre-32-ter-711x1024.jpg 711w, https:\/\/www.hotelparisrichmond.com\/wp-content\/uploads\/2025\/08\/chambre-32-ter-768x1106.jpg 768w, https:\/\/www.hotelparisrichmond.com\/wp-content\/uploads\/2025\/08\/chambre-32-ter-1066x1536.jpg 1066w\" sizes=\"(max-width: 1333px) 100vw, 1333px\" \/>\t\t\t\t\t\t\n\t\t\t\t\t<\/div>\n\t\t\t\t\t\t\t\t\n<style>\n#image_260852582 {\n  width: 100%;\n}\n<\/style>\n\t<\/div>\n\t\n\n\t<div class=\"img has-hover x md-x lg-x y md-y lg-y\" id=\"image_1269061937\">\n\t\t\t\t\t\t\t\t<div class=\"img-inner image-cover dark\" style=\"padding-top:56.25%;\">\n\t\t\t<img decoding=\"async\" width=\"1260\" height=\"2014\" src=\"https:\/\/www.hotelparisrichmond.com\/wp-content\/uploads\/2025\/08\/chambre-32-4.jpg\" class=\"attachment-original size-original\" alt=\"\" srcset=\"https:\/\/www.hotelparisrichmond.com\/wp-content\/uploads\/2025\/08\/chambre-32-4.jpg 1260w, https:\/\/www.hotelparisrichmond.com\/wp-content\/uploads\/2025\/08\/chambre-32-4-188x300.jpg 188w, https:\/\/www.hotelparisrichmond.com\/wp-content\/uploads\/2025\/08\/chambre-32-4-641x1024.jpg 641w, https:\/\/www.hotelparisrichmond.com\/wp-content\/uploads\/2025\/08\/chambre-32-4-768x1228.jpg 768w, https:\/\/www.hotelparisrichmond.com\/wp-content\/uploads\/2025\/08\/chambre-32-4-961x1536.jpg 961w\" sizes=\"(max-width: 1260px) 100vw, 1260px\" \/>\t\t\t\t\t\t\n\t\t\t\t\t<\/div>\n\t\t\t\t\t\t\t\t\n<style>\n#image_1269061937 {\n  width: 100%;\n}\n<\/style>\n\t<\/div>\n\t\n\n\t<div class=\"img has-hover x md-x lg-x y md-y lg-y\" id=\"image_1489320236\">\n\t\t\t\t\t\t\t\t<div class=\"img-inner image-cover dark\" style=\"padding-top:56.25%;\">\n\t\t\t<img decoding=\"async\" width=\"1440\" height=\"1920\" src=\"https:\/\/www.hotelparisrichmond.com\/wp-content\/uploads\/2025\/08\/chambre-32-7.jpg\" class=\"attachment-original size-original\" alt=\"\" srcset=\"https:\/\/www.hotelparisrichmond.com\/wp-content\/uploads\/2025\/08\/chambre-32-7.jpg 1440w, https:\/\/www.hotelparisrichmond.com\/wp-content\/uploads\/2025\/08\/chambre-32-7-225x300.jpg 225w, https:\/\/www.hotelparisrichmond.com\/wp-content\/uploads\/2025\/08\/chambre-32-7-768x1024.jpg 768w, https:\/\/www.hotelparisrichmond.com\/wp-content\/uploads\/2025\/08\/chambre-32-7-1152x1536.jpg 1152w\" sizes=\"(max-width: 1440px) 100vw, 1440px\" \/>\t\t\t\t\t\t\n\t\t\t\t\t<\/div>\n\t\t\t\t\t\t\t\t\n<style>\n#image_1489320236 {\n  width: 100%;\n}\n<\/style>\n\t<\/div>\n\t\n\n\n     <\/div>\n\n     <div class=\"loading-spin dark large centered\"><\/div>\n\n     \t<\/div>\n\n\n\n\t\t<\/div>\n\n\t\t\n<style>\n#section_798525765 {\n  padding-top: 0px;\n  padding-bottom: 0px;\n}\n#section_798525765 .ux-shape-divider--top svg {\n  height: 150px;\n  --divider-top-width: 100%;\n}\n#section_798525765 .ux-shape-divider--bottom svg {\n  height: 150px;\n  --divider-width: 100%;\n}\n<\/style>\n\t<\/section>\n\t\n\t<section class=\"section\" id=\"section_476409445\">\n\t\t<div class=\"bg section-bg fill bg-fill  bg-loaded\" >\n\n\t\t\t\n\t\t\t\n\t\t\t\n\n\t\t<\/div>\n\n\t\t\n\n\t\t<div class=\"section-content relative\">\n\t\t\t\n\n<div class=\"row row-small\"  id=\"row-2142617259\">\n\n\n\t<div id=\"col-656679865\" class=\"col small-12 large-12\"  data-animate=\"fadeInUp\">\n\t\t\t\t<div class=\"col-inner\"  >\n\t\t\t\n\t\t\t\n\n<h1 style=\"text-align: center;\">QUADRUPLE ROOM<\/h1>\n<p style=\"font-weight: bold; text-align: center;\">4 people &#8211; 2 double beds<\/p>\n<p style=\"text-align: left;\">Featuring individually-controlled air conditioning, soundproofing and free Wi-Fi, these budget family rooms have all you need for a comfortable stay in Paris. They offer 2 double beds, free Wi-Fi, international TV channels, direct dial telephones, safes and a modern bathroom with walk-in shower.<\/p>\n<a href=\"https:\/\/www.hotelrichmondparis.com\/en\/online-booking\/\" target=\"_self\" class=\"button secondary is-underline lowercase expand\"  >\n    <span>Book your room<\/span>\n  <\/a>\n\n\n\n\t\t<\/div>\n\t\t\t\t\n<style>\n#col-656679865 > .col-inner {\n  margin: 30px 0px 0px 0px;\n}\n<\/style>\n\t<\/div>\n\n\t\n\n\t<div id=\"col-1173129664\" class=\"col medium-6 small-12 large-6\"  data-animate=\"fadeInLeft\">\n\t\t\t\t<div class=\"col-inner\"  >\n\t\t\t\n\t\t\t\n\n<ul>\n<li>18 m2<\/li>\n<li>Air conditioning<\/li>\n<li>Non smoking room<\/li>\n<li>Safety box<\/li>\n<li>Phone<\/li>\n<\/ul>\n\n\t\t<\/div>\n\t\t\t\t\t<\/div>\n\n\t\n\n\t<div id=\"col-1805304221\" class=\"col medium-6 small-12 large-6\"  data-animate=\"fadeInRight\">\n\t\t\t\t<div class=\"col-inner\"  >\n\t\t\t\n\t\t\t\n\n<ul>\n<li>Private bathroom<\/li>\n<li>Hair dryer<\/li>\n<li>Shower<\/li>\n<li>Flat screen TV<\/li>\n<li>Free Wifi<\/li>\n<\/ul>\n\n\t\t<\/div>\n\t\t\t\t\t<\/div>\n\n\t\n\n<\/div>\n\n\t\t<\/div>\n\n\t\t\n<style>\n#section_476409445 {\n  padding-top: 0px;\n  padding-bottom: 0px;\n}\n#section_476409445 .ux-shape-divider--top svg {\n  height: 150px;\n  --divider-top-width: 100%;\n}\n#section_476409445 .ux-shape-divider--bottom svg {\n  height: 150px;\n  --divider-width: 100%;\n}\n<\/style>\n\t<\/section>\n\t\n\n","protected":false},"excerpt":{"rendered":"","protected":false},"author":1,"featured_media":0,"parent":0,"menu_order":0,"comment_status":"closed","ping_status":"closed","template":"page-transparent-header.php","meta":{"footnotes":""},"class_list":["post-322","page","type-page","status-publish","hentry"],"yoast_head":"<!-- This site is optimized with the Yoast SEO plugin v22.7 - https:\/\/yoast.com\/wordpress\/plugins\/seo\/ -->\n<title>Quadruple room Hotel Richmond Paris, Economy hotel Paris<\/title>\n<meta name=\"description\" content=\"These economical family quadruple rooms have everything you need to ensure a comfortable stay in Paris.\" \/>\n<meta name=\"robots\" content=\"index, follow, max-snippet:-1, max-image-preview:large, max-video-preview:-1\" \/>\n<link rel=\"canonical\" href=\"https:\/\/www.hotelparisrichmond.com\/en\/quadruple-room\/\" \/>\n<meta property=\"og:locale\" content=\"en_US\" \/>\n<meta property=\"og:type\" content=\"article\" \/>\n<meta property=\"og:title\" content=\"Quadruple room Hotel Richmond Paris, Economy hotel Paris\" \/>\n<meta property=\"og:description\" content=\"These economical family quadruple rooms have everything you need to ensure a comfortable stay in Paris.\" \/>\n<meta property=\"og:url\" content=\"https:\/\/www.hotelparisrichmond.com\/en\/quadruple-room\/\" \/>\n<meta property=\"og:site_name\" content=\"H\u00f4tel Richmond Paris\" \/>\n<meta property=\"article:modified_time\" content=\"2025-08-04T10:07:54+00:00\" \/>\n<meta name=\"twitter:card\" content=\"summary_large_image\" \/>\n<meta name=\"twitter:label1\" content=\"Est. reading time\" \/>\n\t<meta name=\"twitter:data1\" content=\"1 minute\" \/>\n<script type=\"application\/ld+json\" class=\"yoast-schema-graph\">{\"@context\":\"https:\/\/schema.org\",\"@graph\":[{\"@type\":\"WebPage\",\"@id\":\"https:\/\/www.hotelparisrichmond.com\/en\/quadruple-room\/\",\"url\":\"https:\/\/www.hotelparisrichmond.com\/en\/quadruple-room\/\",\"name\":\"Quadruple room Hotel Richmond Paris, Economy hotel Paris\",\"isPartOf\":{\"@id\":\"https:\/\/www.hotelparisrichmond.com\/#website\"},\"datePublished\":\"2022-09-20T07:20:24+00:00\",\"dateModified\":\"2025-08-04T10:07:54+00:00\",\"description\":\"These economical family quadruple rooms have everything you need to ensure a comfortable stay in Paris.\",\"breadcrumb\":{\"@id\":\"https:\/\/www.hotelparisrichmond.com\/en\/quadruple-room\/#breadcrumb\"},\"inLanguage\":\"en-US\",\"potentialAction\":[{\"@type\":\"ReadAction\",\"target\":[\"https:\/\/www.hotelparisrichmond.com\/en\/quadruple-room\/\"]}]},{\"@type\":\"BreadcrumbList\",\"@id\":\"https:\/\/www.hotelparisrichmond.com\/en\/quadruple-room\/#breadcrumb\",\"itemListElement\":[{\"@type\":\"ListItem\",\"position\":1,\"name\":\"Accueil\",\"item\":\"https:\/\/www.hotelparisrichmond.com\/en\/\"},{\"@type\":\"ListItem\",\"position\":2,\"name\":\"Chambre quadruple\"}]},{\"@type\":\"WebSite\",\"@id\":\"https:\/\/www.hotelparisrichmond.com\/#website\",\"url\":\"https:\/\/www.hotelparisrichmond.com\/\",\"name\":\"H\u00f4tel Richmond Paris\",\"description\":\"H\u00f4tel id\u00e9alement situ\u00e9 en face de la Gare du Nord et du Terminal Eurostar \u00e0 Paris.\",\"potentialAction\":[{\"@type\":\"SearchAction\",\"target\":{\"@type\":\"EntryPoint\",\"urlTemplate\":\"https:\/\/www.hotelparisrichmond.com\/?s={search_term_string}\"},\"query-input\":\"required name=search_term_string\"}],\"inLanguage\":\"en-US\"}]}<\/script>\n<!-- \/ Yoast SEO plugin. -->","yoast_head_json":{"title":"Quadruple room Hotel Richmond Paris, Economy hotel Paris","description":"These economical family quadruple rooms have everything you need to ensure a comfortable stay in Paris.","robots":{"index":"index","follow":"follow","max-snippet":"max-snippet:-1","max-image-preview":"max-image-preview:large","max-video-preview":"max-video-preview:-1"},"canonical":"https:\/\/www.hotelparisrichmond.com\/en\/quadruple-room\/","og_locale":"en_US","og_type":"article","og_title":"Quadruple room Hotel Richmond Paris, Economy hotel Paris","og_description":"These economical family quadruple rooms have everything you need to ensure a comfortable stay in Paris.","og_url":"https:\/\/www.hotelparisrichmond.com\/en\/quadruple-room\/","og_site_name":"H\u00f4tel Richmond Paris","article_modified_time":"2025-08-04T10:07:54+00:00","twitter_card":"summary_large_image","twitter_misc":{"Est. reading time":"1 minute"},"schema":{"@context":"https:\/\/schema.org","@graph":[{"@type":"WebPage","@id":"https:\/\/www.hotelparisrichmond.com\/en\/quadruple-room\/","url":"https:\/\/www.hotelparisrichmond.com\/en\/quadruple-room\/","name":"Quadruple room Hotel Richmond Paris, Economy hotel Paris","isPartOf":{"@id":"https:\/\/www.hotelparisrichmond.com\/#website"},"datePublished":"2022-09-20T07:20:24+00:00","dateModified":"2025-08-04T10:07:54+00:00","description":"These economical family quadruple rooms have everything you need to ensure a comfortable stay in Paris.","breadcrumb":{"@id":"https:\/\/www.hotelparisrichmond.com\/en\/quadruple-room\/#breadcrumb"},"inLanguage":"en-US","potentialAction":[{"@type":"ReadAction","target":["https:\/\/www.hotelparisrichmond.com\/en\/quadruple-room\/"]}]},{"@type":"BreadcrumbList","@id":"https:\/\/www.hotelparisrichmond.com\/en\/quadruple-room\/#breadcrumb","itemListElement":[{"@type":"ListItem","position":1,"name":"Accueil","item":"https:\/\/www.hotelparisrichmond.com\/en\/"},{"@type":"ListItem","position":2,"name":"Chambre quadruple"}]},{"@type":"WebSite","@id":"https:\/\/www.hotelparisrichmond.com\/#website","url":"https:\/\/www.hotelparisrichmond.com\/","name":"H\u00f4tel Richmond Paris","description":"H\u00f4tel id\u00e9alement situ\u00e9 en face de la Gare du Nord et du Terminal Eurostar \u00e0 Paris.","potentialAction":[{"@type":"SearchAction","target":{"@type":"EntryPoint","urlTemplate":"https:\/\/www.hotelparisrichmond.com\/?s={search_term_string}"},"query-input":"required name=search_term_string"}],"inLanguage":"en-US"}]}},"_links":{"self":[{"href":"https:\/\/www.hotelparisrichmond.com\/en\/wp-json\/wp\/v2\/pages\/322","targetHints":{"allow":["GET"]}}],"collection":[{"href":"https:\/\/www.hotelparisrichmond.com\/en\/wp-json\/wp\/v2\/pages"}],"about":[{"href":"https:\/\/www.hotelparisrichmond.com\/en\/wp-json\/wp\/v2\/types\/page"}],"author":[{"embeddable":true,"href":"https:\/\/www.hotelparisrichmond.com\/en\/wp-json\/wp\/v2\/users\/1"}],"replies":[{"embeddable":true,"href":"https:\/\/www.hotelparisrichmond.com\/en\/wp-json\/wp\/v2\/comments?post=322"}],"version-history":[{"count":5,"href":"https:\/\/www.hotelparisrichmond.com\/en\/wp-json\/wp\/v2\/pages\/322\/revisions"}],"predecessor-version":[{"id":752,"href":"https:\/\/www.hotelparisrichmond.com\/en\/wp-json\/wp\/v2\/pages\/322\/revisions\/752"}],"wp:attachment":[{"href":"https:\/\/www.hotelparisrichmond.com\/en\/wp-json\/wp\/v2\/media?parent=322"}],"curies":[{"name":"wp","href":"https:\/\/api.w.org\/{rel}","templated":true}]}}