{"id":319,"date":"2022-08-09T11:29:20","date_gmt":"2022-08-09T09:29:20","guid":{"rendered":"https:\/\/sofimediat.fr\/newhotel\/accueil\/"},"modified":"2025-08-04T16:11:57","modified_gmt":"2025-08-04T14:11:57","slug":"accueil","status":"publish","type":"page","link":"https:\/\/www.hotelparisrichmond.com\/en\/","title":{"rendered":"Accueil"},"content":{"rendered":"\n\t<section class=\"section\" id=\"section_714222167\">\n\t\t<div class=\"bg section-bg fill bg-fill  bg-loaded\" >\n\n\t\t\t\n\t\t\t\n\t\t\t\n\n\t\t<\/div>\n\n\t\t\n\n\t\t<div class=\"section-content relative\">\n\t\t\t\n\n\n  <div class=\"banner has-hover has-video\" id=\"banner-452042849\">\n          <div class=\"banner-inner fill\">\n        <div class=\"banner-bg fill\" >\n            <div class=\"bg fill bg-fill \"><\/div>\n            \t<div class=\"video-overlay no-click fill visible\"><\/div>\n\t<video class=\"video-bg fill visible\" preload playsinline autoplay\n\t\tmuted\t\tloop>\n\t\t<source src=\"https:\/\/www.hotelparisrichmond.com\/video\/hotel-richmond-paris.mp4\" type=\"video\/mp4\">\t<\/video>\n                        \n                    <\/div>\n\t\t\n        <div class=\"banner-layers container\">\n            <div class=\"fill banner-link\"><\/div>            \n\n   <div id=\"text-box-280617542\" class=\"text-box banner-layer x50 md-x50 lg-x50 y50 md-y50 lg-y50 res-text\">\n                                <div class=\"text-box-content text dark\">\n              \n              <div class=\"text-inner text-center\">\n                  \n\n\n              <\/div>\n           <\/div>\n                            \n<style>\n#text-box-280617542 {\n  width: 60%;\n}\n#text-box-280617542 .text-box-content {\n  font-size: 100%;\n}\n<\/style>\n    <\/div>\n \n\n        <\/div>\n      <\/div>\n\n            \n<style>\n#banner-452042849 {\n  padding-top: 56.25%;\n}\n#banner-452042849 .bg.bg-loaded {\n  background-image: url(https:\/\/www.hotelparisrichmond.com\/wp-content\/uploads\/2022\/09\/hotel-richmond-paris-15.jpg);\n}\n#banner-452042849 .ux-shape-divider--top svg {\n  height: 150px;\n  --divider-top-width: 100%;\n}\n#banner-452042849 .ux-shape-divider--bottom svg {\n  height: 150px;\n  --divider-width: 100%;\n}\n<\/style>\n  <\/div>\n\n\n\n\t\t<\/div>\n\n\t\t\n<style>\n#section_714222167 {\n  padding-top: 0px;\n  padding-bottom: 0px;\n}\n#section_714222167 .ux-shape-divider--top svg {\n  height: 150px;\n  --divider-top-width: 100%;\n}\n#section_714222167 .ux-shape-divider--bottom svg {\n  height: 150px;\n  --divider-width: 100%;\n}\n<\/style>\n\t<\/section>\n\t\n\n\n\t<section class=\"section\" id=\"section_1069145036\">\n\t\t<div class=\"bg section-bg fill bg-fill  bg-loaded\" >\n\n\t\t\t\n\t\t\t\n\t\t\t\n\n\t\t<\/div>\n\n\t\t\n\n\t\t<div class=\"section-content relative\">\n\t\t\t\n\n<div class=\"row\"  id=\"row-847832925\">\n\n\n\t<div id=\"col-276846389\" class=\"col small-12 large-12\"  data-animate=\"fadeInUp\">\n\t\t\t\t<div class=\"col-inner\"  >\n\t\t\t\n\t\t\t\n\n<h1 style=\"text-align: center;\">WELCOME TO HOTEL RICHMOND GARE DU NORD<\/h1>\n<div class=\"p-wrap\">\n<p class=\"editablelinks\">Conveniently situated opposite the Gare du Nord and the Eurostar Terminal in Paris, and close to the Metro and RER trains, the Richmond is a great budget hotel offering business visitors and tourists a top Paris location for exploring the French capital.<\/p>\n<\/div>\n\n\t\t<\/div>\n\t\t\t\t\n<style>\n#col-276846389 > .col-inner {\n  margin: 30px 0px 0px 0px;\n}\n<\/style>\n\t<\/div>\n\n\t\n\n<\/div>\n\n\t\t<\/div>\n\n\t\t\n<style>\n#section_1069145036 {\n  padding-top: 0px;\n  padding-bottom: 0px;\n}\n#section_1069145036 .ux-shape-divider--top svg {\n  height: 150px;\n  --divider-top-width: 100%;\n}\n#section_1069145036 .ux-shape-divider--bottom svg {\n  height: 150px;\n  --divider-width: 100%;\n}\n<\/style>\n\t<\/section>\n\t\n\t<section class=\"section\" id=\"section_2069411958\">\n\t\t<div class=\"bg section-bg fill bg-fill  bg-loaded\" >\n\n\t\t\t\n\t\t\t\n\t\t\t\n\n\t\t<\/div>\n\n\t\t\n\n\t\t<div class=\"section-content relative\">\n\t\t\t\n\n<div class=\"row row-collapse row-full-width align-middle\"  id=\"row-1178966003\">\n\n\n\t<div id=\"col-1438174536\" class=\"col medium-12 small-12 large-6\"  data-animate=\"fadeInLeft\">\n\t\t\t\t<div class=\"col-inner\"  >\n\t\t\t\n\t\t\t\n\n\t<div class=\"img has-hover x md-x lg-x y md-y lg-y\" id=\"image_1038619992\">\n\t\t\t\t\t\t\t\t<div class=\"img-inner image-cover box-shadow-3 dark\" style=\"padding-top:56.25%;\">\n\t\t\t<img decoding=\"async\" width=\"1333\" height=\"1920\" src=\"https:\/\/www.hotelparisrichmond.com\/wp-content\/uploads\/2025\/08\/chambre-32-ter.jpg\" class=\"attachment-original size-original\" alt=\"\" srcset=\"https:\/\/www.hotelparisrichmond.com\/wp-content\/uploads\/2025\/08\/chambre-32-ter.jpg 1333w, https:\/\/www.hotelparisrichmond.com\/wp-content\/uploads\/2025\/08\/chambre-32-ter-208x300.jpg 208w, https:\/\/www.hotelparisrichmond.com\/wp-content\/uploads\/2025\/08\/chambre-32-ter-711x1024.jpg 711w, https:\/\/www.hotelparisrichmond.com\/wp-content\/uploads\/2025\/08\/chambre-32-ter-768x1106.jpg 768w, https:\/\/www.hotelparisrichmond.com\/wp-content\/uploads\/2025\/08\/chambre-32-ter-1066x1536.jpg 1066w\" sizes=\"(max-width: 1333px) 100vw, 1333px\" \/>\t\t\t\t\t\t\n\t\t\t\t\t<\/div>\n\t\t\t\t\t\t\t\t\n<style>\n#image_1038619992 {\n  width: 100%;\n}\n<\/style>\n\t<\/div>\n\t\n\n\n\t\t<\/div>\n\t\t\t\t\t<\/div>\n\n\t\n\n\t<div id=\"col-1230437406\" class=\"col medium-12 small-12 large-6\"  data-animate=\"fadeInRight\">\n\t\t\t\t<div class=\"col-inner text-center\" style=\"max-width:520px;\" >\n\t\t\t\n\t\t\t\n\n<h2>Rooms at the Richmond Hotel<\/h2>\n<p>The Hotel Richmond offers excellent value for money in the center of Paris, including triple or quadruple rooms and a family room for 5 people<\/p>\n<a href=\"https:\/\/www.hotelparisrichmond.com\/en\/rooms\/\" target=\"_self\" class=\"button primary is-small expand\"  >\n    <span>Discover our rooms<\/span>\n  <\/a>\n\n\n\n\t\t<\/div>\n\t\t\t\t\n<style>\n#col-1230437406 > .col-inner {\n  padding: 5% 5% 5% 5%;\n}\n<\/style>\n\t<\/div>\n\n\t\n\n<\/div>\n\n\t\t<\/div>\n\n\t\t\n<style>\n#section_2069411958 {\n  padding-top: 0px;\n  padding-bottom: 0px;\n  background-color: rgb(255,255,255);\n}\n#section_2069411958 .ux-shape-divider--top svg {\n  height: 150px;\n  --divider-top-width: 100%;\n}\n#section_2069411958 .ux-shape-divider--bottom svg {\n  height: 150px;\n  --divider-width: 100%;\n}\n<\/style>\n\t<\/section>\n\t\n\t<section class=\"section\" id=\"section_822840742\">\n\t\t<div class=\"bg section-bg fill bg-fill  bg-loaded\" >\n\n\t\t\t\n\t\t\t<div class=\"section-bg-overlay absolute fill\"><\/div>\n\t\t\t\n\n\t\t<\/div>\n\n\t\t\n\n\t\t<div class=\"section-content relative\">\n\t\t\t\n\n<div class=\"row row-collapse row-full-width align-middle\"  id=\"row-417419584\">\n\n\n\t<div id=\"col-416836110\" class=\"col medium-12 small-12 large-6\"  data-animate=\"fadeInLeft\">\n\t\t\t\t<div class=\"col-inner text-center\" style=\"max-width:520px;\" >\n\t\t\t\n\t\t\t\n\n<h2>Services and breakfast<\/h2>\n<p>We offer a continental buffet breakfast every morning. Breakfasts are served from 5:00 a.m. to 11:00 a.m. <\/p>\n<a href=\"https:\/\/www.hotelparisrichmond.com\/en\/services\/\" target=\"_self\" class=\"button primary is-small expand\"  >\n    <span>Discover our services<\/span>\n  <\/a>\n\n\n\n\t\t<\/div>\n\t\t\t\t\n<style>\n#col-416836110 > .col-inner {\n  padding: 5% 5% 5% 5%;\n}\n<\/style>\n\t<\/div>\n\n\t\n\n\t<div id=\"col-512457783\" class=\"col medium-12 small-12 large-6 medium-col-first\"  data-animate=\"fadeInRight\">\n\t\t\t\t<div class=\"col-inner\"  >\n\t\t\t\n\t\t\t\n\n\t<div class=\"img has-hover x md-x lg-x y md-y lg-y\" id=\"image_1655939718\">\n\t\t\t\t\t\t\t\t<div class=\"img-inner image-cover box-shadow-3 dark\" style=\"padding-top:56.25%;\">\n\t\t\t<img decoding=\"async\" width=\"1440\" height=\"1920\" src=\"https:\/\/www.hotelparisrichmond.com\/wp-content\/uploads\/2025\/08\/IMG_1062.jpg\" class=\"attachment-original size-original\" alt=\"\" srcset=\"https:\/\/www.hotelparisrichmond.com\/wp-content\/uploads\/2025\/08\/IMG_1062.jpg 1440w, https:\/\/www.hotelparisrichmond.com\/wp-content\/uploads\/2025\/08\/IMG_1062-225x300.jpg 225w, https:\/\/www.hotelparisrichmond.com\/wp-content\/uploads\/2025\/08\/IMG_1062-768x1024.jpg 768w, https:\/\/www.hotelparisrichmond.com\/wp-content\/uploads\/2025\/08\/IMG_1062-1152x1536.jpg 1152w\" sizes=\"(max-width: 1440px) 100vw, 1440px\" \/>\t\t\t\t\t\t\n\t\t\t\t\t<\/div>\n\t\t\t\t\t\t\t\t\n<style>\n#image_1655939718 {\n  width: 100%;\n}\n<\/style>\n\t<\/div>\n\t\n\n\n\t\t<\/div>\n\t\t\t\t\t<\/div>\n\n\t\n\n<\/div>\n\n\t\t<\/div>\n\n\t\t\n<style>\n#section_822840742 {\n  padding-top: 0px;\n  padding-bottom: 0px;\n  background-color: rgb(247, 247, 247);\n}\n#section_822840742 .section-bg-overlay {\n  background-color: rgba(255, 255, 255, 0.85);\n}\n#section_822840742 .ux-shape-divider--top svg {\n  height: 150px;\n  --divider-top-width: 100%;\n}\n#section_822840742 .ux-shape-divider--bottom svg {\n  height: 150px;\n  --divider-width: 100%;\n}\n<\/style>\n\t<\/section>\n\t\n\t<section class=\"section\" id=\"section_1393372351\">\n\t\t<div class=\"bg section-bg fill bg-fill  bg-loaded\" >\n\n\t\t\t\n\t\t\t\n\t\t\t\n\n\t\t<\/div>\n\n\t\t\n\n\t\t<div class=\"section-content relative\">\n\t\t\t\n\n<div class=\"row row-collapse row-full-width align-middle\"  id=\"row-55114414\">\n\n\n\t<div id=\"col-691389257\" class=\"col medium-12 small-12 large-6\"  data-animate=\"fadeInLeft\">\n\t\t\t\t<div class=\"col-inner\"  >\n\t\t\t\n\t\t\t\n\n\t<div class=\"img has-hover x md-x lg-x y md-y lg-y\" id=\"image_1114685296\">\n\t\t\t\t\t\t\t\t<div class=\"img-inner image-cover box-shadow-3 dark\" style=\"padding-top:56.25%;\">\n\t\t\t<img decoding=\"async\" width=\"1020\" height=\"680\" src=\"https:\/\/www.hotelparisrichmond.com\/wp-content\/uploads\/2022\/09\/hotel-richmond-paris-51-1024x683.jpg\" class=\"attachment-large size-large\" alt=\"H\u00f4tel Richmond Paris 10 - Gare du Nord\" srcset=\"https:\/\/www.hotelparisrichmond.com\/wp-content\/uploads\/2022\/09\/hotel-richmond-paris-51-1024x683.jpg 1024w, https:\/\/www.hotelparisrichmond.com\/wp-content\/uploads\/2022\/09\/hotel-richmond-paris-51-300x200.jpg 300w, https:\/\/www.hotelparisrichmond.com\/wp-content\/uploads\/2022\/09\/hotel-richmond-paris-51-768x512.jpg 768w, https:\/\/www.hotelparisrichmond.com\/wp-content\/uploads\/2022\/09\/hotel-richmond-paris-51.jpg 1500w\" sizes=\"(max-width: 1020px) 100vw, 1020px\" \/>\t\t\t\t\t\t\n\t\t\t\t\t<\/div>\n\t\t\t\t\t\t\t\t\n<style>\n#image_1114685296 {\n  width: 100%;\n}\n<\/style>\n\t<\/div>\n\t\n\n\n\t\t<\/div>\n\t\t\t\t\t<\/div>\n\n\t\n\n\t<div id=\"col-237074629\" class=\"col medium-12 small-12 large-6\"  data-animate=\"fadeInRight\">\n\t\t\t\t<div class=\"col-inner text-center\" style=\"max-width:520px;\" >\n\t\t\t\n\t\t\t\n\n<h2 style=\"text-align: center;\">IN THE HEART OF THE CITY<\/h2>\n<p>Conveniently situated opposite the Gare du Nord and the Eurostar Terminal in Paris, and close to the Metro and RER trains, the Richmond is a great budget hotel offering business visitors and tourists a top Paris location for exploring the French capital.<\/p>\n<a href=\"https:\/\/www.hotelparisrichmond.com\/en\/location\/\" target=\"_self\" class=\"button primary is-small expand\"  >\n    <span>See our location<\/span>\n  <\/a>\n\n\n\n\t\t<\/div>\n\t\t\t\t\n<style>\n#col-237074629 > .col-inner {\n  padding: 20px 20px 20px 20px;\n}\n<\/style>\n\t<\/div>\n\n\t\n\n<\/div>\n\n\t\t<\/div>\n\n\t\t\n<style>\n#section_1393372351 {\n  padding-top: 0px;\n  padding-bottom: 0px;\n  background-color: rgb(255,255,255);\n}\n#section_1393372351 .ux-shape-divider--top svg {\n  height: 150px;\n  --divider-top-width: 100%;\n}\n#section_1393372351 .ux-shape-divider--bottom svg {\n  height: 150px;\n  --divider-width: 100%;\n}\n<\/style>\n\t<\/section>\n\t\n\n\n<iframe src=\"https:\/\/www.google.com\/maps\/embed?pb=!1m18!1m12!1m3!1d8093.466028421192!2d2.349365473679499!3d48.87762192447846!2m3!1f0!2f0!3f0!3m2!1i1024!2i768!4f13.1!3m3!1m2!1s0x47e66e6d9643ce53%3A0x4bbadeecd028916b!2s15%20Rue%20de%20Dunkerque%2C%2075010%20Paris!5e0!3m2!1sfr!2sfr!4v1664456935547!5m2!1sfr!2sfr\" style=\"border:0;\" allowfullscreen=\"\" loading=\"lazy\" referrerpolicy=\"no-referrer-when-downgrade\" width=\"100%\" height=\"400\"><\/iframe>\n\n\n","protected":false},"excerpt":{"rendered":"","protected":false},"author":1,"featured_media":0,"parent":0,"menu_order":0,"comment_status":"closed","ping_status":"closed","template":"page-transparent-header.php","meta":{"footnotes":""},"class_list":["post-319","page","type-page","status-publish","hentry"],"yoast_head":"<!-- This site is optimized with the Yoast SEO plugin v22.7 - https:\/\/yoast.com\/wordpress\/plugins\/seo\/ -->\n<title>Hotel Richmond Gare du Nord in Paris | OFFICIAL SITE | Economy hotel in the center of Paris<\/title>\n<meta name=\"description\" content=\"The Hotel Richmond is an excellent budget hotel in the center of Paris, near Gare du Nord (Eurostar Terminal), metro and RER. Official website, best rate guaranteed!\" \/>\n<meta name=\"robots\" content=\"index, follow, max-snippet:-1, max-image-preview:large, max-video-preview:-1\" \/>\n<link rel=\"canonical\" href=\"https:\/\/www.hotelparisrichmond.com\/en\/\" \/>\n<meta property=\"og:locale\" content=\"en_US\" \/>\n<meta property=\"og:type\" content=\"article\" \/>\n<meta property=\"og:title\" content=\"Hotel Richmond Gare du Nord in Paris | OFFICIAL SITE | Economy hotel in the center of Paris\" \/>\n<meta property=\"og:description\" content=\"The Hotel Richmond is an excellent budget hotel in the center of Paris, near Gare du Nord (Eurostar Terminal), metro and RER. Official website, best rate guaranteed!\" \/>\n<meta property=\"og:url\" content=\"https:\/\/www.hotelparisrichmond.com\/en\/\" \/>\n<meta property=\"og:site_name\" content=\"H\u00f4tel Richmond Paris\" \/>\n<meta property=\"article:modified_time\" content=\"2025-08-04T14:11:57+00:00\" \/>\n<meta name=\"twitter:card\" content=\"summary_large_image\" \/>\n<meta name=\"twitter:label1\" content=\"Est. reading time\" \/>\n\t<meta name=\"twitter:data1\" content=\"3 minutes\" \/>\n<script type=\"application\/ld+json\" class=\"yoast-schema-graph\">{\"@context\":\"https:\/\/schema.org\",\"@graph\":[{\"@type\":\"WebPage\",\"@id\":\"https:\/\/www.hotelparisrichmond.com\/en\/\",\"url\":\"https:\/\/www.hotelparisrichmond.com\/en\/\",\"name\":\"Hotel Richmond Gare du Nord in Paris | OFFICIAL SITE | Economy hotel in the center of Paris\",\"isPartOf\":{\"@id\":\"https:\/\/www.hotelparisrichmond.com\/#website\"},\"datePublished\":\"2022-08-09T09:29:20+00:00\",\"dateModified\":\"2025-08-04T14:11:57+00:00\",\"description\":\"The Hotel Richmond is an excellent budget hotel in the center of Paris, near Gare du Nord (Eurostar Terminal), metro and RER. Official website, best rate guaranteed!\",\"breadcrumb\":{\"@id\":\"https:\/\/www.hotelparisrichmond.com\/en\/#breadcrumb\"},\"inLanguage\":\"en-US\",\"potentialAction\":[{\"@type\":\"ReadAction\",\"target\":[\"https:\/\/www.hotelparisrichmond.com\/en\/\"]}]},{\"@type\":\"BreadcrumbList\",\"@id\":\"https:\/\/www.hotelparisrichmond.com\/en\/#breadcrumb\",\"itemListElement\":[{\"@type\":\"ListItem\",\"position\":1,\"name\":\"Accueil\",\"item\":\"https:\/\/www.hotelparisrichmond.com\/en\/\"},{\"@type\":\"ListItem\",\"position\":2,\"name\":\"Accueil\"}]},{\"@type\":\"WebSite\",\"@id\":\"https:\/\/www.hotelparisrichmond.com\/#website\",\"url\":\"https:\/\/www.hotelparisrichmond.com\/\",\"name\":\"H\u00f4tel Richmond Paris\",\"description\":\"H\u00f4tel id\u00e9alement situ\u00e9 en face de la Gare du Nord et du Terminal Eurostar \u00e0 Paris.\",\"potentialAction\":[{\"@type\":\"SearchAction\",\"target\":{\"@type\":\"EntryPoint\",\"urlTemplate\":\"https:\/\/www.hotelparisrichmond.com\/?s={search_term_string}\"},\"query-input\":\"required name=search_term_string\"}],\"inLanguage\":\"en-US\"}]}<\/script>\n<!-- \/ Yoast SEO plugin. -->","yoast_head_json":{"title":"Hotel Richmond Gare du Nord in Paris | OFFICIAL SITE | Economy hotel in the center of Paris","description":"The Hotel Richmond is an excellent budget hotel in the center of Paris, near Gare du Nord (Eurostar Terminal), metro and RER. Official website, best rate guaranteed!","robots":{"index":"index","follow":"follow","max-snippet":"max-snippet:-1","max-image-preview":"max-image-preview:large","max-video-preview":"max-video-preview:-1"},"canonical":"https:\/\/www.hotelparisrichmond.com\/en\/","og_locale":"en_US","og_type":"article","og_title":"Hotel Richmond Gare du Nord in Paris | OFFICIAL SITE | Economy hotel in the center of Paris","og_description":"The Hotel Richmond is an excellent budget hotel in the center of Paris, near Gare du Nord (Eurostar Terminal), metro and RER. Official website, best rate guaranteed!","og_url":"https:\/\/www.hotelparisrichmond.com\/en\/","og_site_name":"H\u00f4tel Richmond Paris","article_modified_time":"2025-08-04T14:11:57+00:00","twitter_card":"summary_large_image","twitter_misc":{"Est. reading time":"3 minutes"},"schema":{"@context":"https:\/\/schema.org","@graph":[{"@type":"WebPage","@id":"https:\/\/www.hotelparisrichmond.com\/en\/","url":"https:\/\/www.hotelparisrichmond.com\/en\/","name":"Hotel Richmond Gare du Nord in Paris | OFFICIAL SITE | Economy hotel in the center of Paris","isPartOf":{"@id":"https:\/\/www.hotelparisrichmond.com\/#website"},"datePublished":"2022-08-09T09:29:20+00:00","dateModified":"2025-08-04T14:11:57+00:00","description":"The Hotel Richmond is an excellent budget hotel in the center of Paris, near Gare du Nord (Eurostar Terminal), metro and RER. Official website, best rate guaranteed!","breadcrumb":{"@id":"https:\/\/www.hotelparisrichmond.com\/en\/#breadcrumb"},"inLanguage":"en-US","potentialAction":[{"@type":"ReadAction","target":["https:\/\/www.hotelparisrichmond.com\/en\/"]}]},{"@type":"BreadcrumbList","@id":"https:\/\/www.hotelparisrichmond.com\/en\/#breadcrumb","itemListElement":[{"@type":"ListItem","position":1,"name":"Accueil","item":"https:\/\/www.hotelparisrichmond.com\/en\/"},{"@type":"ListItem","position":2,"name":"Accueil"}]},{"@type":"WebSite","@id":"https:\/\/www.hotelparisrichmond.com\/#website","url":"https:\/\/www.hotelparisrichmond.com\/","name":"H\u00f4tel Richmond Paris","description":"H\u00f4tel id\u00e9alement situ\u00e9 en face de la Gare du Nord et du Terminal Eurostar \u00e0 Paris.","potentialAction":[{"@type":"SearchAction","target":{"@type":"EntryPoint","urlTemplate":"https:\/\/www.hotelparisrichmond.com\/?s={search_term_string}"},"query-input":"required name=search_term_string"}],"inLanguage":"en-US"}]}},"_links":{"self":[{"href":"https:\/\/www.hotelparisrichmond.com\/en\/wp-json\/wp\/v2\/pages\/319","targetHints":{"allow":["GET"]}}],"collection":[{"href":"https:\/\/www.hotelparisrichmond.com\/en\/wp-json\/wp\/v2\/pages"}],"about":[{"href":"https:\/\/www.hotelparisrichmond.com\/en\/wp-json\/wp\/v2\/types\/page"}],"author":[{"embeddable":true,"href":"https:\/\/www.hotelparisrichmond.com\/en\/wp-json\/wp\/v2\/users\/1"}],"replies":[{"embeddable":true,"href":"https:\/\/www.hotelparisrichmond.com\/en\/wp-json\/wp\/v2\/comments?post=319"}],"version-history":[{"count":21,"href":"https:\/\/www.hotelparisrichmond.com\/en\/wp-json\/wp\/v2\/pages\/319\/revisions"}],"predecessor-version":[{"id":758,"href":"https:\/\/www.hotelparisrichmond.com\/en\/wp-json\/wp\/v2\/pages\/319\/revisions\/758"}],"wp:attachment":[{"href":"https:\/\/www.hotelparisrichmond.com\/en\/wp-json\/wp\/v2\/media?parent=319"}],"curies":[{"name":"wp","href":"https:\/\/api.w.org\/{rel}","templated":true}]}}